{"id":4574,"date":"2023-04-22T14:29:04","date_gmt":"2023-04-22T14:29:04","guid":{"rendered":"https:\/\/novalya.com\/?page_id=4574"},"modified":"2024-10-08T12:03:03","modified_gmt":"2024-10-08T11:03:03","slug":"souhait-des-anniversaires","status":"publish","type":"page","link":"https:\/\/novalya.com\/en\/souhait-des-anniversaires\/","title":{"rendered":"Birthday greetings"},"content":{"rendered":"<div class=\"wpb-content-wrapper\"><section data-vc-full-width=\"true\" data-vc-full-width-init=\"false\" class=\"vc_section vc_section_visible pix-intro-1 custom-168c0c66d28bb2978fd3170e20d99db7 vc_custom_1682247510155 bg-gradient-primary\" data-section-name=\"\"><div class=\"pix_element_overlay  bg-gradient-primary\" style=\"pointer-events:none;;position:absolute;width:100%;height:100%;top:0;left:0;opacity:1;\"><\/div><div class=\"fullpage-container overflow-hidden\"><div class=\"pix-intro-img jarallax\" data-jarallax data-speed=\"0.8\"><img decoding=\"async\" loading=\"lazy\" class=\"jarallax-img pix-opacity-1\"  src=\"https:\/\/essentials.pixfort.com\/original\/wp-content\/uploads\/sites\/4\/2020\/05\/contact-intro-image.jpg\" alt=\"\" \/><\/div><\/div><div class=\"pix-divider pix-bottom-divider\" data-style=\"style-dynamic\" ><div class=\"pix-dividers-box w-100 position-relative d-inline-block\" >\n                    <svg class=\"pix-shape-dividers\"  viewbox=\"0 0 100 100\" preserveaspectratio=\"none\">\n                        <defs><\/defs><path d=\"\" class=\"\" fill=\"rgba(255,255,255,0.25)\"><\/path><path d=\"\" class=\"\" fill=\"rgba(255,255,255,0.5)\"><\/path><path d=\"\" class=\"\" fill=\"#ffffff\"><\/path>\n                    <\/svg>\n                <\/div><\/div><div data-vc-full-width=\"true\" data-vc-full-width-init=\"false\" class=\"vc_row wpb_row vc_row-fluid vc_row_visible vc_custom_1682247359459 vc_row-o-content-middle vc_row-flex\"><div class=\"wpb_column vc_column_container vc_col-sm-6 text-left\"><div class=\"vc_column-inner\"><div class=\"wpb_wrapper\"><div id=\"el1683470393618-edadfc8a-9063\" class=\"pix-highlighted-element text-left  vc_custom_1683470864085\"><div class=\"pix-highlighted-items\" style=\"font-size:45px;\" data-anim-type=\"\" data-anim-delay=\"0\"><span id=\"el1683470393618-edadfc8a-9063-0\"  class=\"\"><span   class=\"pix-highlighted-text  pix-highlight-item font-weight-normal  font-weight-bold heading-font text-white\">Wish you Birthdays. <\/span><\/span><span id=\"el1683470393618-edadfc8a-9063-1\"  class=\"\"><span   class=\"pix-highlighted-text  pix-highlight-item font-weight-normal  font-weight-bold heading-font text-white\">Automatically.<\/span><\/span><\/div><\/div><div class=\"pix-el-text w-100 text-left\" ><div class=\"d-inline-block\" style=\"max-width:600px;\"><p class=\"text-20  text-light-opacity-8 text-left\" >Boost your sales by automating happy birthday messages\r\nfrom your Facebook friends, and increase your engagement!<\/p><\/div><\/div><div class=\"vc_empty_space\"   style=\"height: 32px\"><span class=\"vc_empty_space_inner\"><\/span><\/div><a  href=\"https:\/\/app.novalya.com\/signup\" class=\"btn mb-2     text-primary btn-white d-inline-flex align-items-center pix-hover-item       btn-md\"     ><span class=\"font-weight-bold\" >Try Novalya for free<\/span><svg class=\"pixfort-icon font-weight-bold  pix-hover-right  ml-2\" width=\"24\" height=\"24\"  data-name=\"Line\/pixfort-icon-arrow-right-2\" viewbox=\"2 2 20 20\"><polyline fill=\"none\" stroke=\"var(--pf-icon-color)\" stroke-linecap=\"round\" stroke-linejoin=\"round\" stroke-width=\"var(--pf-icon-stroke-width)\" points=\"9.5 17 14.5 12 9.5 7\"\/><\/svg><\/a><\/div><\/div><\/div><div class=\"wpb_column vc_column_container vc_col-sm-6 text-right\"><div class=\"vc_column-inner\"><div class=\"wpb_wrapper\"><div class=\"pix-img-element d-inline-block\" ><div class=\"pix-bounce-sm\"><div class=\"animate-in  d-inline-block\" data-anim-type=\"fade-in-up\" data-anim-delay=\"0\"><div class=\"pix-img-el    text-center d-inline-block  w-100 rounded-0\"  ><img fetchpriority=\"high\" decoding=\"async\" class=\"card-img2 pix-img-elem rounded-0  h-1002\" style=\"width:auto;max-height:350px;\" width=\"1906\" height=\"1075\" srcset=\"https:\/\/novalya.com\/wp-content\/uploads\/2023\/05\/6820.png 1906w, https:\/\/novalya.com\/wp-content\/uploads\/2023\/05\/6820-300x169.png 300w, https:\/\/novalya.com\/wp-content\/uploads\/2023\/05\/6820-1024x578.png 1024w, https:\/\/novalya.com\/wp-content\/uploads\/2023\/05\/6820-768x433.png 768w, https:\/\/novalya.com\/wp-content\/uploads\/2023\/05\/6820-1536x866.png 1536w\" sizes=\"(max-width: 1906px) 100vw, 1906px\" src=\"https:\/\/novalya.com\/wp-content\/uploads\/2023\/05\/6820.png\" alt=\"Image link\" \/><\/div><\/div><\/div><\/div><\/div><\/div><\/div><\/div><div class=\"vc_row-full-width vc_clearfix\"><\/div><\/section><div class=\"vc_row-full-width vc_clearfix\"><\/div><section data-vc-full-width=\"true\" data-vc-full-width-init=\"false\" class=\"vc_section vc_section_visible custom-f81361661c9b9a94109ee80fa4b445e1 vc_custom_1613187818509 vc_section-has-fill\" data-section-name=\"\"><div data-vc-full-width=\"true\" data-vc-full-width-init=\"false\" class=\"vc_row wpb_row vc_row-fluid vc_row_visible vc_custom_1607665707341 vc_row-has-fill vc_row-o-content-middle vc_row-flex\"><div class=\"wpb_column vc_column_container vc_col-sm-12 vc_col-md-6 text-left\"><div class=\"vc_column-inner custom-938f3a845bf8842e19a027f22b752303\"><div class=\"wpb_wrapper\"><div class=\"card w-100 h-100 bg-heading-default bg-transparent  text-left w-100 d-inline-block pix-hover-item rounded-lg position-relative overflow-hidden text-white\" ><img decoding=\"async\" srcset=\"https:\/\/novalya.com\/wp-content\/uploads\/2023\/05\/Birthday-cards-300x188.png 300w, https:\/\/novalya.com\/wp-content\/uploads\/2023\/05\/Birthday-cards-768x480.png 768w, https:\/\/novalya.com\/wp-content\/uploads\/2023\/05\/Birthday-cards.png 800w\" src=\"https:\/\/novalya.com\/wp-content\/uploads\/2023\/05\/Birthday-cards.png\" class=\"card-img pix-bg-image h-100 pix-img-scale pix-opacity-10 rounded-lg\" alt=\"\"><span class=\"card-img-overlay2 d-inline-block w-100 pix-img-overlay pix-p-10 d-flex align-items-end\" style=\"min-height:370px;\"><div class=\"w-100\"><\/div><\/span><\/div><\/div><\/div><\/div><div class=\"wpb_column vc_column_container vc_col-sm-12 vc_col-md-6 vc_col-has-fill text-left\"><div class=\"vc_column-inner  vc_custom_1683822907668\"><div class=\"wpb_wrapper\"><div id=\"1607664135887-0775a926-1ae9\" class=\"pix-feature-el text-left  vc_custom_1683366566312\"><h6 class=\"pix-feature-title font-weight-bold   text-heading-default\" style=\"padding-top:8px;\"  ><\/h6><div class=\"pix-feature-content text-text-gray text-20\" style=\"\"  ><\/div><\/div><div id=\"el1613186136140-6ff397ad-3ef3\" class=\"pix-highlighted-element text-left  vc_custom_1683822887763\"><h3 class=\"pix-highlighted-items\" style=\"\" data-anim-type=\"\" data-anim-delay=\"0\"><span id=\"el1613186136140-6ff397ad-3ef3-0\"  class=\"\"><span   class=\"pix-highlighted-text  pix-highlight-item font-weight-normal  font-weight-bold heading-font text-heading-default\">Send a <\/span><\/span><span id=\"el1613186136140-6ff397ad-3ef3-1\" class=\"pix-highlight-bg  el1613186136140-6ff397ad-3ef3-1 animate-in\" data-anim-type=\"highlight-grow\" data-anim-delay=\"200\"><span   class=\"pix-highlighted-text pix-highlight-item font-weight-normal  font-weight-bold heading-font text-primary\">&nbsp;private message &nbsp;<\/span><\/span><span id=\"el1613186136140-6ff397ad-3ef3-2\"  class=\"\"><span   class=\"pix-highlighted-text  pix-highlight-item font-weight-normal  font-weight-bold heading-font text-heading-default\"> to your contacts<\/span><\/span><\/h3><\/div><div class=\"pix-el-text w-100   vc_custom_1682244767127\" ><p class=\"text-20  text-body-default\" >Your message will be automatically personalized with the person's first name. Every day, Novalya wishes a happy birthday to all your contacts in 1 click, automatically.<\/p><\/div><\/div><\/div><\/div><\/div><div class=\"vc_row-full-width vc_clearfix\"><\/div><\/section><div class=\"vc_row-full-width vc_clearfix\"><\/div><section data-vc-full-width=\"true\" data-vc-full-width-init=\"false\" class=\"vc_section vc_section_visible custom-f81361661c9b9a94109ee80fa4b445e1 vc_custom_1613187818509 vc_section-has-fill\" data-section-name=\"\"><div data-vc-full-width=\"true\" data-vc-full-width-init=\"false\" class=\"vc_row wpb_row vc_row-fluid vc_row_visible vc_custom_1607665707341 vc_row-has-fill vc_row-o-content-middle vc_row-flex\"><div class=\"wpb_column vc_column_container vc_col-sm-12 vc_col-md-6 vc_col-has-fill text-left\"><div class=\"vc_column-inner  vc_custom_1683822933072\"><div class=\"wpb_wrapper\"><div id=\"1682244945974-876176b8-4a1e\" class=\"pix-feature-el text-left  vc_custom_1683366577569\"><h6 class=\"pix-feature-title font-weight-bold   text-heading-default\" style=\"padding-top:8px;\"  ><\/h6><div class=\"pix-feature-content text-text-gray text-20\" style=\"\"  ><\/div><\/div><div id=\"el1682244945997-4b50c8e1-b347\" class=\"pix-highlighted-element text-left  vc_custom_1683823025958\"><h3 class=\"pix-highlighted-items\" style=\"\" data-anim-type=\"\" data-anim-delay=\"0\"><span id=\"el1682244945997-4b50c8e1-b347-0\"  class=\"\"><span   class=\"pix-highlighted-text  pix-highlight-item font-weight-normal  font-weight-bold heading-font text-heading-default\">Increase your <\/span><\/span><span id=\"el1682244945997-4b50c8e1-b347-1\" class=\"pix-highlight-bg  el1682244945997-4b50c8e1-b347-1 animate-in\" data-anim-type=\"highlight-grow\" data-anim-delay=\"200\"><span   class=\"pix-highlighted-text pix-highlight-item font-weight-normal  font-weight-bold heading-font text-primary\">&nbsp;engagement&nbsp;<\/span><\/span><\/h3><\/div><div class=\"pix-el-text w-100   vc_custom_1704732558531\" ><p class=\"text-20  text-body-default\" >With Novalya, automatically post a personalized message on your friends' walls to show Facebook that you are active and here to connect. You will be highlighted, with more likes, comments, and shares under your posts.<\/p><\/div><\/div><\/div><\/div><div class=\"wpb_column vc_column_container vc_col-sm-12 vc_col-md-6 text-left\"><div class=\"vc_column-inner custom-938f3a845bf8842e19a027f22b752303\"><div class=\"wpb_wrapper\"><div class=\"card w-100 h-100 bg-heading-default bg-transparent  text-left w-100 d-inline-block pix-hover-item rounded-lg position-relative overflow-hidden text-white\" ><img decoding=\"async\" srcset=\"https:\/\/novalya.com\/wp-content\/uploads\/2023\/05\/Second-300x188.png 300w, https:\/\/novalya.com\/wp-content\/uploads\/2023\/05\/Second-768x480.png 768w, https:\/\/novalya.com\/wp-content\/uploads\/2023\/05\/Second.png 800w\" src=\"https:\/\/novalya.com\/wp-content\/uploads\/2023\/05\/Second.png\" class=\"card-img pix-bg-image h-100 pix-img-scale pix-opacity-10 rounded-lg\" alt=\"\"><span class=\"card-img-overlay2 d-inline-block w-100 pix-img-overlay pix-p-10 d-flex align-items-end\" style=\"min-height:370px;\"><div class=\"w-100\"><\/div><\/span><\/div><\/div><\/div><\/div><\/div><div class=\"vc_row-full-width vc_clearfix\"><\/div><\/section><div class=\"vc_row-full-width vc_clearfix\"><\/div><section data-vc-full-width=\"true\" data-vc-full-width-init=\"false\" class=\"vc_section vc_section_visible vc_custom_1682246642561 vc_section-has-fill\" data-section-name=\"\"><div class=\"pix-divider pix-top-divider\" data-style=\"style-8\" ><svg xmlns=\"http:\/\/www.w3.org\/2000\/svg\" width=\"100%\"  viewbox=\"0 0 1200 366\" preserveaspectratio=\"none\"><polygon fill=\"url(#divider-22202-top-overlay-layer-3)\" points=\"0 240 1200 0 1200 366 0 366\" \/><polygon fill=\"url(#divider-22202-top-overlay-layer-2)\" points=\"0 300 1200 60 1200 366 0 366\"  \/><polygon fill=\"#ffffff\" points=\"0 360 1200 120 1200 366 0 366\"\/><defs><lineargradient id=\"divider-22202-top-overlay-layer-3\" x1=\"0%\" y1=\"0%\" x2=\"100%\" y2=\"0%\"><stop offset=\"0%\"   stop-color=\"rgba(255,255,255,0.3)\"\/><stop offset=\"100%\"   stop-color=\"#e8e9ff\"\/><\/lineargradient><lineargradient id=\"divider-22202-top-overlay-layer-2\" x1=\"0%\" y1=\"0%\" x2=\"100%\" y2=\"0%\"><stop offset=\"0%\"   stop-color=\"#ebeaff\"\/><stop offset=\"100%\"   stop-color=\"#ffffff\"\/><\/lineargradient><\/defs><\/svg><\/div><div data-vc-full-width=\"true\" data-vc-full-width-init=\"false\" class=\"vc_row wpb_row vc_row-fluid vc_row_visible vc_row-o-content-middle vc_row-flex\"><div class=\"wpb_column vc_column_container vc_col-sm-12 vc_col-md-offset-1 vc_col-md-10 text-center\"><div class=\"vc_column-inner\"><div class=\"wpb_wrapper\"><div class=\"pix-content-box card pix-scale-in-sm     vc_custom_1682246682946    rounded-10 shadow-lg shadow-hover-lg bg- text-center  w-100\"   ><div class=\"pix_element_overlay  rounded-10 bg-gradient-primary\" style=\"pointer-events:none;;position:absolute;width:100%;height:100%;top:0;left:0;opacity:0.7;\"><\/div><div class=\"\" style=\"z-index:30;position:relative;\"><div id=\"el1682245526140-70ac5ee5-c8c1\" class=\"mb-3 text-center  vc_custom_1682246871370\"><h3 class=\"mb-32 pix-sliding-headline-2 animate-in font-weight-bold secondary-font\" data-anim-type=\"pix-sliding-text\" pix-anim-delay=\"500\" data-class=\"secondary-font text-white\" style=\"\"><span class=\"slide-in-container\"><span class=\"pix-sliding-item secondary-font text-white\" style=\"transition-delay: 0ms;\">Every<\/span><\/span> <span class=\"slide-in-container\"><span class=\"pix-sliding-item secondary-font text-white\" style=\"transition-delay: 150ms;\">birthday<\/span><\/span> <span class=\"slide-in-container\"><span class=\"pix-sliding-item secondary-font text-white\" style=\"transition-delay: 300ms;\">becomes<\/span><\/span> <span class=\"slide-in-container\"><span class=\"pix-sliding-item secondary-font text-white\" style=\"transition-delay: 450ms;\">an<\/span><\/span> <span class=\"slide-in-container\"><span class=\"pix-sliding-item secondary-font text-white\" style=\"transition-delay: 600ms;\">opportunity<\/span><\/span> <\/h3><\/div><div class=\"pix-el-text w-100 text-center  vc_custom_1682246862935\" ><div class=\"d-inline-block\" style=\"max-width:600px;\"><p class=\"text-20  text-white text-center\" ><span class=\"text-white animate-in d-inline-block\" data-anim-delay=\"900\" data-anim-type=\"fade-in-up\">There is no better time than someone's birthday to establish or re-establish contact. Novalya automates your birthday wishes without technical skills.<\/span><\/p><\/div><\/div><div class=\"vc_empty_space\"   style=\"height: 32px\"><span class=\"vc_empty_space_inner\"><\/span><\/div><a  href=\"https:\/\/app.novalya.com\/signup\" class=\"btn mb-2     text-primary btn-white d-inline-flex align-items-center pix-hover-item       btn-md\"     ><span class=\"font-weight-bold\" >Try Novalya free of charge<\/span><svg class=\"pixfort-icon font-weight-bold  pix-hover-right  ml-2\" width=\"24\" height=\"24\"  data-name=\"Line\/pixfort-icon-arrow-right-2\" viewbox=\"2 2 20 20\"><polyline fill=\"none\" stroke=\"var(--pf-icon-color)\" stroke-linecap=\"round\" stroke-linejoin=\"round\" stroke-width=\"var(--pf-icon-stroke-width)\" points=\"9.5 17 14.5 12 9.5 7\"\/><\/svg><\/a><\/div><\/div><\/div><\/div><\/div><\/div><div class=\"vc_row-full-width vc_clearfix\"><\/div><\/section><div class=\"vc_row-full-width vc_clearfix\"><\/div><\/div>","protected":false},"excerpt":{"rendered":"Automatic birthday greetings. Boost your sales by automating happy birthday messages from your Facebook friends, and increase your engagement! Try Novalya for freeSend a private message to your contactsYour message will be automatically personalized with the first name...","protected":false},"author":1,"featured_media":4671,"parent":0,"menu_order":0,"comment_status":"closed","ping_status":"closed","template":"","meta":{"qubely_global_settings":"","qubely_interactions":"","om_disable_all_campaigns":false,"order-bump-settings":[],"_wpfnl_thankyou_order_overview":"on","_wpfnl_thankyou_order_details":"on","_wpfnl_thankyou_billing_details":"on","_wpfnl_thankyou_shipping_details":"on","_monsterinsights_skip_tracking":false,"_monsterinsights_sitenote_active":false,"_monsterinsights_sitenote_note":"","_monsterinsights_sitenote_category":0,"footnotes":""},"class_list":["post-4574","page","type-page","status-publish","has-post-thumbnail","hentry"],"yoast_head":"<!-- This site is optimized with the Yoast SEO Premium plugin v25.9 (Yoast SEO v27.4) - https:\/\/yoast.com\/product\/yoast-seo-premium-wordpress\/ -->\n<title>Souhait des Anniversaires - Novalya - Automatisez votre prospection<\/title>\n<meta name=\"description\" content=\"Profitez de chaque anniversaire pour vendre gr\u00e2ce \u00e0 NovaBirthday, la technologie e Novalya qui envoie les v\u0153ux en automatique.\" \/>\n<meta name=\"robots\" content=\"index, follow, max-snippet:-1, max-image-preview:large, max-video-preview:-1\" \/>\n<link rel=\"canonical\" href=\"https:\/\/novalya.com\/en\/souhait-des-anniversaires\/\" \/>\n<meta property=\"og:locale\" content=\"en_US\" \/>\n<meta property=\"og:type\" content=\"article\" \/>\n<meta property=\"og:title\" content=\"Souhait des Anniversaires\" \/>\n<meta property=\"og:description\" content=\"Profitez de chaque anniversaire pour vendre gr\u00e2ce \u00e0 NovaBirthday, la technologie e Novalya qui envoie les v\u0153ux en automatique.\" \/>\n<meta property=\"og:url\" content=\"https:\/\/novalya.com\/en\/souhait-des-anniversaires\/\" \/>\n<meta property=\"og:site_name\" content=\"Novalya - Automatisez votre prospection\" \/>\n<meta property=\"article:publisher\" content=\"https:\/\/www.facebook.com\/NovalyaOfficiel\" \/>\n<meta property=\"article:modified_time\" content=\"2024-10-08T11:03:03+00:00\" \/>\n<meta property=\"og:image\" content=\"https:\/\/novalya.com\/wp-content\/uploads\/2023\/05\/jsgsh.png\" \/>\n\t<meta property=\"og:image:width\" content=\"800\" \/>\n\t<meta property=\"og:image:height\" content=\"500\" \/>\n\t<meta property=\"og:image:type\" content=\"image\/png\" \/>\n<meta name=\"twitter:card\" content=\"summary_large_image\" \/>\n<meta name=\"twitter:site\" content=\"@NovalyaOfficiel\" \/>\n<meta name=\"twitter:label1\" content=\"Est. reading time\" \/>\n\t<meta name=\"twitter:data1\" content=\"4 minutes\" \/>\n<script type=\"application\/ld+json\" class=\"yoast-schema-graph\">{\"@context\":\"https:\\\/\\\/schema.org\",\"@graph\":[{\"@type\":\"WebPage\",\"@id\":\"https:\\\/\\\/novalya.com\\\/souhait-des-anniversaires\\\/\",\"url\":\"https:\\\/\\\/novalya.com\\\/souhait-des-anniversaires\\\/\",\"name\":\"Souhait des Anniversaires - Novalya - Automatisez votre prospection\",\"isPartOf\":{\"@id\":\"https:\\\/\\\/novalya.com\\\/#website\"},\"primaryImageOfPage\":{\"@id\":\"https:\\\/\\\/novalya.com\\\/souhait-des-anniversaires\\\/#primaryimage\"},\"image\":{\"@id\":\"https:\\\/\\\/novalya.com\\\/souhait-des-anniversaires\\\/#primaryimage\"},\"thumbnailUrl\":\"https:\\\/\\\/novalya.com\\\/wp-content\\\/uploads\\\/2023\\\/05\\\/jsgsh.png\",\"datePublished\":\"2023-04-22T14:29:04+00:00\",\"dateModified\":\"2024-10-08T11:03:03+00:00\",\"description\":\"Profitez de chaque anniversaire pour vendre gr\u00e2ce \u00e0 NovaBirthday, la technologie e Novalya qui envoie les v\u0153ux en automatique.\",\"breadcrumb\":{\"@id\":\"https:\\\/\\\/novalya.com\\\/souhait-des-anniversaires\\\/#breadcrumb\"},\"inLanguage\":\"en-US\",\"potentialAction\":[{\"@type\":\"ReadAction\",\"target\":[\"https:\\\/\\\/novalya.com\\\/souhait-des-anniversaires\\\/\"]}]},{\"@type\":\"ImageObject\",\"inLanguage\":\"en-US\",\"@id\":\"https:\\\/\\\/novalya.com\\\/souhait-des-anniversaires\\\/#primaryimage\",\"url\":\"https:\\\/\\\/novalya.com\\\/wp-content\\\/uploads\\\/2023\\\/05\\\/jsgsh.png\",\"contentUrl\":\"https:\\\/\\\/novalya.com\\\/wp-content\\\/uploads\\\/2023\\\/05\\\/jsgsh.png\",\"width\":800,\"height\":500},{\"@type\":\"BreadcrumbList\",\"@id\":\"https:\\\/\\\/novalya.com\\\/souhait-des-anniversaires\\\/#breadcrumb\",\"itemListElement\":[{\"@type\":\"ListItem\",\"position\":1,\"name\":\"Home\",\"item\":\"https:\\\/\\\/novalya.com\\\/\"},{\"@type\":\"ListItem\",\"position\":2,\"name\":\"Souhait des Anniversaires\"}]},{\"@type\":\"WebSite\",\"@id\":\"https:\\\/\\\/novalya.com\\\/#website\",\"url\":\"https:\\\/\\\/novalya.com\\\/\",\"name\":\"Novalya - Automatisez votre prospection\",\"description\":\"#1 de la G\u00e9n\u00e9ration de leads sur Facebook et Instagram\",\"publisher\":{\"@id\":\"https:\\\/\\\/novalya.com\\\/#organization\"},\"potentialAction\":[{\"@type\":\"SearchAction\",\"target\":{\"@type\":\"EntryPoint\",\"urlTemplate\":\"https:\\\/\\\/novalya.com\\\/?s={search_term_string}\"},\"query-input\":{\"@type\":\"PropertyValueSpecification\",\"valueRequired\":true,\"valueName\":\"search_term_string\"}}],\"inLanguage\":\"en-US\"},{\"@type\":\"Organization\",\"@id\":\"https:\\\/\\\/novalya.com\\\/#organization\",\"name\":\"Novalya\",\"url\":\"https:\\\/\\\/novalya.com\\\/\",\"logo\":{\"@type\":\"ImageObject\",\"inLanguage\":\"en-US\",\"@id\":\"https:\\\/\\\/novalya.com\\\/#\\\/schema\\\/logo\\\/image\\\/\",\"url\":\"https:\\\/\\\/novalya.com\\\/wp-content\\\/uploads\\\/2023\\\/04\\\/Logo-colored.png\",\"contentUrl\":\"https:\\\/\\\/novalya.com\\\/wp-content\\\/uploads\\\/2023\\\/04\\\/Logo-colored.png\",\"width\":1544,\"height\":702,\"caption\":\"Novalya\"},\"image\":{\"@id\":\"https:\\\/\\\/novalya.com\\\/#\\\/schema\\\/logo\\\/image\\\/\"},\"sameAs\":[\"https:\\\/\\\/www.facebook.com\\\/NovalyaOfficiel\",\"https:\\\/\\\/x.com\\\/NovalyaOfficiel\"]}]}<\/script>\n<!-- \/ Yoast SEO Premium plugin. -->","yoast_head_json":{"title":"Souhait des Anniversaires - Novalya - Automatisez votre prospection","description":"Profitez de chaque anniversaire pour vendre gr\u00e2ce \u00e0 NovaBirthday, la technologie e Novalya qui envoie les v\u0153ux en automatique.","robots":{"index":"index","follow":"follow","max-snippet":"max-snippet:-1","max-image-preview":"max-image-preview:large","max-video-preview":"max-video-preview:-1"},"canonical":"https:\/\/novalya.com\/en\/souhait-des-anniversaires\/","og_locale":"en_US","og_type":"article","og_title":"Souhait des Anniversaires","og_description":"Profitez de chaque anniversaire pour vendre gr\u00e2ce \u00e0 NovaBirthday, la technologie e Novalya qui envoie les v\u0153ux en automatique.","og_url":"https:\/\/novalya.com\/en\/souhait-des-anniversaires\/","og_site_name":"Novalya - Automatisez votre prospection","article_publisher":"https:\/\/www.facebook.com\/NovalyaOfficiel","article_modified_time":"2024-10-08T11:03:03+00:00","og_image":[{"width":800,"height":500,"url":"https:\/\/novalya.com\/wp-content\/uploads\/2023\/05\/jsgsh.png","type":"image\/png"}],"twitter_card":"summary_large_image","twitter_site":"@NovalyaOfficiel","twitter_misc":{"Est. reading time":"4 minutes"},"schema":{"@context":"https:\/\/schema.org","@graph":[{"@type":"WebPage","@id":"https:\/\/novalya.com\/souhait-des-anniversaires\/","url":"https:\/\/novalya.com\/souhait-des-anniversaires\/","name":"Souhait des Anniversaires - Novalya - Automatisez votre prospection","isPartOf":{"@id":"https:\/\/novalya.com\/#website"},"primaryImageOfPage":{"@id":"https:\/\/novalya.com\/souhait-des-anniversaires\/#primaryimage"},"image":{"@id":"https:\/\/novalya.com\/souhait-des-anniversaires\/#primaryimage"},"thumbnailUrl":"https:\/\/novalya.com\/wp-content\/uploads\/2023\/05\/jsgsh.png","datePublished":"2023-04-22T14:29:04+00:00","dateModified":"2024-10-08T11:03:03+00:00","description":"Profitez de chaque anniversaire pour vendre gr\u00e2ce \u00e0 NovaBirthday, la technologie e Novalya qui envoie les v\u0153ux en automatique.","breadcrumb":{"@id":"https:\/\/novalya.com\/souhait-des-anniversaires\/#breadcrumb"},"inLanguage":"en-US","potentialAction":[{"@type":"ReadAction","target":["https:\/\/novalya.com\/souhait-des-anniversaires\/"]}]},{"@type":"ImageObject","inLanguage":"en-US","@id":"https:\/\/novalya.com\/souhait-des-anniversaires\/#primaryimage","url":"https:\/\/novalya.com\/wp-content\/uploads\/2023\/05\/jsgsh.png","contentUrl":"https:\/\/novalya.com\/wp-content\/uploads\/2023\/05\/jsgsh.png","width":800,"height":500},{"@type":"BreadcrumbList","@id":"https:\/\/novalya.com\/souhait-des-anniversaires\/#breadcrumb","itemListElement":[{"@type":"ListItem","position":1,"name":"Home","item":"https:\/\/novalya.com\/"},{"@type":"ListItem","position":2,"name":"Souhait des Anniversaires"}]},{"@type":"WebSite","@id":"https:\/\/novalya.com\/#website","url":"https:\/\/novalya.com\/","name":"Novalya - Automatisez votre prospection","description":"#1 de la G\u00e9n\u00e9ration de leads sur Facebook et Instagram","publisher":{"@id":"https:\/\/novalya.com\/#organization"},"potentialAction":[{"@type":"SearchAction","target":{"@type":"EntryPoint","urlTemplate":"https:\/\/novalya.com\/?s={search_term_string}"},"query-input":{"@type":"PropertyValueSpecification","valueRequired":true,"valueName":"search_term_string"}}],"inLanguage":"en-US"},{"@type":"Organization","@id":"https:\/\/novalya.com\/#organization","name":"Novalya","url":"https:\/\/novalya.com\/","logo":{"@type":"ImageObject","inLanguage":"en-US","@id":"https:\/\/novalya.com\/#\/schema\/logo\/image\/","url":"https:\/\/novalya.com\/wp-content\/uploads\/2023\/04\/Logo-colored.png","contentUrl":"https:\/\/novalya.com\/wp-content\/uploads\/2023\/04\/Logo-colored.png","width":1544,"height":702,"caption":"Novalya"},"image":{"@id":"https:\/\/novalya.com\/#\/schema\/logo\/image\/"},"sameAs":["https:\/\/www.facebook.com\/NovalyaOfficiel","https:\/\/x.com\/NovalyaOfficiel"]}]}},"_links":{"self":[{"href":"https:\/\/novalya.com\/en\/wp-json\/wp\/v2\/pages\/4574","targetHints":{"allow":["GET"]}}],"collection":[{"href":"https:\/\/novalya.com\/en\/wp-json\/wp\/v2\/pages"}],"about":[{"href":"https:\/\/novalya.com\/en\/wp-json\/wp\/v2\/types\/page"}],"author":[{"embeddable":true,"href":"https:\/\/novalya.com\/en\/wp-json\/wp\/v2\/users\/1"}],"replies":[{"embeddable":true,"href":"https:\/\/novalya.com\/en\/wp-json\/wp\/v2\/comments?post=4574"}],"version-history":[{"count":3,"href":"https:\/\/novalya.com\/en\/wp-json\/wp\/v2\/pages\/4574\/revisions"}],"predecessor-version":[{"id":7247,"href":"https:\/\/novalya.com\/en\/wp-json\/wp\/v2\/pages\/4574\/revisions\/7247"}],"wp:featuredmedia":[{"embeddable":true,"href":"https:\/\/novalya.com\/en\/wp-json\/wp\/v2\/media\/4671"}],"wp:attachment":[{"href":"https:\/\/novalya.com\/en\/wp-json\/wp\/v2\/media?parent=4574"}],"curies":[{"name":"wp","href":"https:\/\/api.w.org\/{rel}","templated":true}]}}